{"id":25,"date":"2022-03-24T17:24:37","date_gmt":"2022-03-24T17:24:37","guid":{"rendered":"https:\/\/cr-iraizoz.com\/?page_id=25"},"modified":"2023-11-25T12:21:52","modified_gmt":"2023-11-25T12:21:52","slug":"licitacion","status":"publish","type":"page","link":"https:\/\/cr-iraizoz.com\/index.php\/licitacion\/","title":{"rendered":"Licitaci\u00f3n"},"content":{"rendered":"<div class=\"wp-block-image\">\n<figure class=\"alignright size-large is-resized\"><img loading=\"lazy\" decoding=\"async\" width=\"1024\" height=\"496\" src=\"https:\/\/cr-iraizoz.com\/wp-content\/uploads\/2022\/10\/EuropazonasRurales-1024x496.png\" alt=\"\" class=\"wp-image-120\" style=\"width:168px;height:81px\" srcset=\"https:\/\/cr-iraizoz.com\/wp-content\/uploads\/2022\/10\/EuropazonasRurales-1024x496.png 1024w, https:\/\/cr-iraizoz.com\/wp-content\/uploads\/2022\/10\/EuropazonasRurales-300x145.png 300w, https:\/\/cr-iraizoz.com\/wp-content\/uploads\/2022\/10\/EuropazonasRurales-768x372.png 768w, https:\/\/cr-iraizoz.com\/wp-content\/uploads\/2022\/10\/EuropazonasRurales-1536x743.png 1536w, https:\/\/cr-iraizoz.com\/wp-content\/uploads\/2022\/10\/EuropazonasRurales-2048x991.png 2048w, https:\/\/cr-iraizoz.com\/wp-content\/uploads\/2022\/10\/EuropazonasRurales-124x60.png 124w\" sizes=\"auto, (max-width: 1024px) 100vw, 1024px\" \/><\/figure>\n<\/div>\n\n\n<p>                                                                                                            Informaci\u00f3n actualizada el 27 julio.<\/p>\n\n\n\n<p>Aqu\u00ed podr\u00e1n encontrar<\/p>\n\n\n\n<p>     0. COMUNICACIONES A LICITADORES<\/p>\n\n\n\n<p>   1. ANUNCIO<\/p>\n\n\n\n<p>    2. PLIEGOS<\/p>\n\n\n\n<p>     3. INFORME JUR\u00cdDICO SOBRE EL PROCEDIMIENTO DE LICITACI\u00d3N<\/p>\n\n\n\n<p>     4. AUTORIZACIONES DE LAS QUE DISPONE EL PROYECTO Y LA COMUNIDAD DE REGANTES IRAIZOZ.<\/p>\n\n\n\n<p><\/p>\n\n\n\n<p>    <strong>0. COMUNICACIONES A LICITADORES:<\/strong><\/p>\n\n\n\n<p>         El plazo para presentar las ofertas acaba el 4 de julio de 2022 a las 23:59h.<\/p>\n\n\n\n<p>A continuaci\u00f3n se insertan las actas de las sesiones de la Mesa de Contrataci\u00f3n y por \u00faltimo la Resoluci\u00f3n de Adjudicaci\u00f3n.<\/p>\n\n\n\n<p>          <strong>APERTURA DE SOBRE 1:<\/strong> Fecha:  mi\u00e9rcoles <strong>6 de julio a las 18:00h.<\/strong> Lugar: Ja\u00e9n, <strong>Paseo de la Estaci\u00f3n,        n\u00ba 26, 2\u00aa entreplanta,<\/strong> en Gabinete T\u00e9cnico Agr\u00edcola Sede S.L.<\/p>\n\n\n\n<div data-wp-interactive=\"core\/file\" class=\"wp-block-file\"><object data-wp-bind--hidden=\"!state.hasPdfPreview\" hidden class=\"wp-block-file__embed\" data=\"https:\/\/cr-iraizoz.com\/wp-content\/uploads\/2022\/07\/2022-7-6-ACTA-DE-LA-SESION-DE-6-DE-JULIO-DE-2022-APERTURA-SOBRE-1-firmada.pdf\" type=\"application\/pdf\" style=\"width:100%;height:600px\" aria-label=\"Incrustado de 2022-7-6-ACTA-DE-LA-SESION-DE-6-DE-JULIO-DE-2022-APERTURA-SOBRE-1-firmada.\"><\/object><a id=\"wp-block-file--media-6571a509-ed9e-40c9-b21b-abe5b07ef867\" href=\"https:\/\/cr-iraizoz.com\/wp-content\/uploads\/2022\/07\/2022-7-6-ACTA-DE-LA-SESION-DE-6-DE-JULIO-DE-2022-APERTURA-SOBRE-1-firmada.pdf\">2022-7-6-ACTA-DE-LA-SESION-DE-6-DE-JULIO-DE-2022-APERTURA-SOBRE-1-firmada<\/a><a href=\"https:\/\/cr-iraizoz.com\/wp-content\/uploads\/2022\/07\/2022-7-6-ACTA-DE-LA-SESION-DE-6-DE-JULIO-DE-2022-APERTURA-SOBRE-1-firmada.pdf\" class=\"wp-block-file__button wp-element-button\" download aria-describedby=\"wp-block-file--media-6571a509-ed9e-40c9-b21b-abe5b07ef867\">Descarga<\/a><\/div>\n\n\n\n<p>          <strong>APERTURA DE SOBRE 2<\/strong>:  Fecha:  martes <strong>6 de julio a las 18.00h<\/strong>, en el mismo lugar<\/p>\n\n\n\n<div data-wp-interactive=\"core\/file\" class=\"wp-block-file\"><object data-wp-bind--hidden=\"!state.hasPdfPreview\" hidden class=\"wp-block-file__embed\" data=\"https:\/\/cr-iraizoz.com\/wp-content\/uploads\/2022\/07\/2022-7-6-ACTA-DE-LA-SESION-DE-6-DE-JULIO-DE-2022-APERTURA-SOBRE-2.pdf-firmada..pdf\" type=\"application\/pdf\" style=\"width:100%;height:600px\" aria-label=\"Incrustado de 2022-7-6-ACTA-DE-LA-SESION-DE-6-DE-JULIO-DE-2022-APERTURA-SOBRE-2.pdf-firmada..\"><\/object><a id=\"wp-block-file--media-29d7a5cc-5715-4603-9d31-92e413cf4782\" href=\"https:\/\/cr-iraizoz.com\/wp-content\/uploads\/2022\/07\/2022-7-6-ACTA-DE-LA-SESION-DE-6-DE-JULIO-DE-2022-APERTURA-SOBRE-2.pdf-firmada..pdf\">2022-7-6-ACTA-DE-LA-SESION-DE-6-DE-JULIO-DE-2022-APERTURA-SOBRE-2.pdf-firmada.<\/a><a href=\"https:\/\/cr-iraizoz.com\/wp-content\/uploads\/2022\/07\/2022-7-6-ACTA-DE-LA-SESION-DE-6-DE-JULIO-DE-2022-APERTURA-SOBRE-2.pdf-firmada..pdf\" class=\"wp-block-file__button wp-element-button\" download aria-describedby=\"wp-block-file--media-29d7a5cc-5715-4603-9d31-92e413cf4782\">Descarga<\/a><\/div>\n\n\n\n<p>          <strong>APERTURA DE SOBRE 3<\/strong>:   Fecha:  mi\u00e9rcoles <strong>12 de julio a las 18:00h<\/strong>, en el mismo lugar.<\/p>\n\n\n\n<div data-wp-interactive=\"core\/file\" class=\"wp-block-file\"><object data-wp-bind--hidden=\"!state.hasPdfPreview\" hidden class=\"wp-block-file__embed\" data=\"https:\/\/cr-iraizoz.com\/wp-content\/uploads\/2022\/07\/2022-7-12-ACTA-DE-LA-SESION-DE-12-DE-JULIO-DE-2022-DE-LA-MESA-DE-CONTRATACION-DE-LA-CR-IRAIZOZ-SUBSANADA.pdf\" type=\"application\/pdf\" style=\"width:100%;height:600px\" aria-label=\"Incrustado de 2022-7-12 ACTA DE LA SESI\u00d3N DE 12 DE JULIO DE 2022 DE LA MESA DE CONTRATACI\u00d3N DE LA CR IRAIZOZ SUBSANADA.\"><\/object><a id=\"wp-block-file--media-4e2d68ae-c69c-4145-9849-e70d4912b232\" href=\"https:\/\/cr-iraizoz.com\/wp-content\/uploads\/2022\/07\/2022-7-12-ACTA-DE-LA-SESION-DE-12-DE-JULIO-DE-2022-DE-LA-MESA-DE-CONTRATACION-DE-LA-CR-IRAIZOZ-SUBSANADA.pdf\">2022-7-12 ACTA DE LA SESI\u00d3N DE 12 DE JULIO DE 2022 DE LA MESA DE CONTRATACI\u00d3N DE LA CR IRAIZOZ SUBSANADA<\/a><a href=\"https:\/\/cr-iraizoz.com\/wp-content\/uploads\/2022\/07\/2022-7-12-ACTA-DE-LA-SESION-DE-12-DE-JULIO-DE-2022-DE-LA-MESA-DE-CONTRATACION-DE-LA-CR-IRAIZOZ-SUBSANADA.pdf\" class=\"wp-block-file__button wp-element-button\" download aria-describedby=\"wp-block-file--media-4e2d68ae-c69c-4145-9849-e70d4912b232\">Descarga<\/a><\/div>\n\n\n\n<p>                 <strong>RESOLUCI\u00d3N DE ADJUDICACI\u00d3N<\/strong><\/p>\n\n\n\n<div data-wp-interactive=\"core\/file\" class=\"wp-block-file\"><object data-wp-bind--hidden=\"!state.hasPdfPreview\" hidden class=\"wp-block-file__embed\" data=\"https:\/\/cr-iraizoz.com\/wp-content\/uploads\/2022\/07\/2022-7-12-RESOLUCION-DE-ADJUDICACION-OBRA-BALSA-IRAIZOZ-firmado.pdf\" type=\"application\/pdf\" style=\"width:100%;height:600px\" aria-label=\"Incrustado de 2022-7-12 RESOLUCI\u00d3N DE ADJUDICACI\u00d3N OBRA BALSA IRAIZOZ firmado.\"><\/object><a id=\"wp-block-file--media-1ecc8731-5acb-43a4-9691-a1b9ddff8e67\" href=\"https:\/\/cr-iraizoz.com\/wp-content\/uploads\/2022\/07\/2022-7-12-RESOLUCION-DE-ADJUDICACION-OBRA-BALSA-IRAIZOZ-firmado.pdf\">2022-7-12 RESOLUCI\u00d3N DE ADJUDICACI\u00d3N OBRA BALSA IRAIZOZ firmado<\/a><a href=\"https:\/\/cr-iraizoz.com\/wp-content\/uploads\/2022\/07\/2022-7-12-RESOLUCION-DE-ADJUDICACION-OBRA-BALSA-IRAIZOZ-firmado.pdf\" class=\"wp-block-file__button wp-element-button\" download aria-describedby=\"wp-block-file--media-1ecc8731-5acb-43a4-9691-a1b9ddff8e67\">Descarga<\/a><\/div>\n\n\n\n<div data-wp-interactive=\"core\/file\" class=\"wp-block-file\"><object data-wp-bind--hidden=\"!state.hasPdfPreview\" hidden class=\"wp-block-file__embed\" data=\"https:\/\/cr-iraizoz.com\/wp-content\/uploads\/2023\/11\/BOJA22-151-00003-12642-01_00265932-Resolucion-de-Adjudicacion.pdf\" type=\"application\/pdf\" style=\"width:100%;height:600px\" aria-label=\"Incrustado de BOJA22-151-00003-12642-01_00265932-Resolucion-de-Adjudicacion.\"><\/object><a id=\"wp-block-file--media-fb296073-df7c-4222-913d-ce0f4776c2c7\" href=\"https:\/\/cr-iraizoz.com\/wp-content\/uploads\/2023\/11\/BOJA22-151-00003-12642-01_00265932-Resolucion-de-Adjudicacion.pdf\">BOJA22-151-00003-12642-01_00265932-Resolucion-de-Adjudicacion<\/a><a href=\"https:\/\/cr-iraizoz.com\/wp-content\/uploads\/2023\/11\/BOJA22-151-00003-12642-01_00265932-Resolucion-de-Adjudicacion.pdf\" class=\"wp-block-file__button wp-element-button\" download aria-describedby=\"wp-block-file--media-fb296073-df7c-4222-913d-ce0f4776c2c7\">Descarga<\/a><\/div>\n\n\n\n<ol class=\"wp-block-list\">\n<li><strong>ANUNCIO<\/strong>: La Junta de Gobierno de la Comunidad de Regantes Iraizoz pone en marcha la licitaci\u00f3n mediante el acuerdo de 19-5-2022 por el que ANUNCIA LA LICITACI\u00d3N DE LA BALSA DE ACUMULACI\u00d3N MEDIANTE PROCEDIMIENTO ABIERTO, publicado en BOJA el 2 de junio de 2022.  El Plazo para presentaci\u00f3n de sus ofertas en tres sobres cerrados finaliza el lunes 4 de julio.<\/li>\n<\/ol>\n\n\n\n<div data-wp-interactive=\"core\/file\" class=\"wp-block-file\"><object data-wp-bind--hidden=\"!state.hasPdfPreview\" hidden class=\"wp-block-file__embed\" data=\"https:\/\/cr-iraizoz.com\/wp-content\/uploads\/2022\/06\/BOJA22-104-00001-8519-01_00261794-ANUNCIO-LICITACION-2-JUNIO-2022.pdf\" type=\"application\/pdf\" style=\"width:100%;height:600px\" aria-label=\"Incrustado de BOJA22-104-00001-8519-01_00261794 ANUNCIO LICITACI\u00d3N 2 JUNIO 2022.\"><\/object><a id=\"wp-block-file--media-76520705-93ad-48f0-b061-60196b39dc3b\" href=\"https:\/\/cr-iraizoz.com\/wp-content\/uploads\/2022\/06\/BOJA22-104-00001-8519-01_00261794-ANUNCIO-LICITACION-2-JUNIO-2022.pdf\">BOJA22-104-00001-8519-01_00261794 ANUNCIO LICITACI\u00d3N 2 JUNIO 2022<\/a><a href=\"https:\/\/cr-iraizoz.com\/wp-content\/uploads\/2022\/06\/BOJA22-104-00001-8519-01_00261794-ANUNCIO-LICITACION-2-JUNIO-2022.pdf\" class=\"wp-block-file__button wp-element-button\" download aria-describedby=\"wp-block-file--media-76520705-93ad-48f0-b061-60196b39dc3b\">Descarga<\/a><\/div>\n\n\n\n<p>2. <strong>PLIEGO DE CL\u00c1USULAS ADMINISTRATIVA PARTICULARES.<\/strong> Versi\u00f3n 6\u00aa del pliego, adaptada a las necesidades y preferencias de la CR. IRAIZOZ.<\/p>\n\n\n\n<div data-wp-interactive=\"core\/file\" class=\"wp-block-file\"><object data-wp-bind--hidden=\"!state.hasPdfPreview\" hidden class=\"wp-block-file__embed\" data=\"https:\/\/cr-iraizoz.com\/wp-content\/uploads\/2022\/06\/2022-6-3-PLIEGO-SUBSANADO_Firmado-r-Registrado.pdf\" type=\"application\/pdf\" style=\"width:100%;height:600px\" aria-label=\"Incrustado de 2022-6-3 PLIEGO SUBSANADO_Firmado r Registrado.\"><\/object><a id=\"wp-block-file--media-6a3e285e-3a6e-4c56-9119-745e3d7910ad\" href=\"https:\/\/cr-iraizoz.com\/wp-content\/uploads\/2022\/06\/2022-6-3-PLIEGO-SUBSANADO_Firmado-r-Registrado.pdf\">2022-6-3 PLIEGO SUBSANADO_Firmado r Registrado<\/a><a href=\"https:\/\/cr-iraizoz.com\/wp-content\/uploads\/2022\/06\/2022-6-3-PLIEGO-SUBSANADO_Firmado-r-Registrado.pdf\" class=\"wp-block-file__button wp-element-button\" download aria-describedby=\"wp-block-file--media-6a3e285e-3a6e-4c56-9119-745e3d7910ad\">Descarga<\/a><\/div>\n\n\n\n<p>3. <strong>INFORME JUR\u00cdDICO SOBRE EL PROCEDIMIENTO DE LICITACI\u00d3N.<\/strong><\/p>\n\n\n\n<div data-wp-interactive=\"core\/file\" class=\"wp-block-file\"><object data-wp-bind--hidden=\"!state.hasPdfPreview\" hidden class=\"wp-block-file__embed\" data=\"https:\/\/cr-iraizoz.com\/wp-content\/uploads\/2022\/05\/INFORME-JCO-1-PROCEDIMIENTO_Firmado-1.pdf\" type=\"application\/pdf\" style=\"width:100%;height:600px\" aria-label=\"Incrustado de INFORME JCO 1 PROCEDIMIENTO_Firmado.\"><\/object><a id=\"wp-block-file--media-29772e75-71c1-4979-b550-4771d113c556\" href=\"https:\/\/cr-iraizoz.com\/wp-content\/uploads\/2022\/05\/INFORME-JCO-1-PROCEDIMIENTO_Firmado-1.pdf\">INFORME JCO 1 PROCEDIMIENTO_Firmado<\/a><a href=\"https:\/\/cr-iraizoz.com\/wp-content\/uploads\/2022\/05\/INFORME-JCO-1-PROCEDIMIENTO_Firmado-1.pdf\" class=\"wp-block-file__button wp-element-button\" download aria-describedby=\"wp-block-file--media-29772e75-71c1-4979-b550-4771d113c556\">Descarga<\/a><\/div>\n\n\n\n<p>4.<strong> INFORME JUR\u00cdDICO SOBRE LAS AUTORIZACIONES Y LICENCIAS <\/strong>DE LAS QUE DISPONE LA COMUNIDAD DE REGANTES IRAIZOZ EN A LA  FECHA DE 18\/5\/2022.<\/p>\n\n\n\n<div data-wp-interactive=\"core\/file\" class=\"wp-block-file\"><object data-wp-bind--hidden=\"!state.hasPdfPreview\" hidden class=\"wp-block-file__embed\" data=\"https:\/\/cr-iraizoz.com\/wp-content\/uploads\/2022\/05\/INFORME-JCO-2-AUTORIZACIONES_Firmado-1.pdf\" type=\"application\/pdf\" style=\"width:100%;height:600px\" aria-label=\"Incrustado de INFORME JCO 2 AUTORIZACIONES_Firmado.\"><\/object><a id=\"wp-block-file--media-0e866c33-d4e0-41ca-8046-fbbaacbb7ba1\" href=\"https:\/\/cr-iraizoz.com\/wp-content\/uploads\/2022\/05\/INFORME-JCO-2-AUTORIZACIONES_Firmado-1.pdf\">INFORME JCO 2 AUTORIZACIONES_Firmado<\/a><a href=\"https:\/\/cr-iraizoz.com\/wp-content\/uploads\/2022\/05\/INFORME-JCO-2-AUTORIZACIONES_Firmado-1.pdf\" class=\"wp-block-file__button wp-element-button\" download aria-describedby=\"wp-block-file--media-0e866c33-d4e0-41ca-8046-fbbaacbb7ba1\">Descarga<\/a><\/div>\n","protected":false},"excerpt":{"rendered":"<p>Informaci\u00f3n actualizada el 27 julio. Aqu\u00ed podr\u00e1n encontrar 0. COMUNICACIONES A LICITADORES 1. ANUNCIO 2. PLIEGOS 3. INFORME JUR\u00cdDICO SOBRE EL PROCEDIMIENTO DE LICITACI\u00d3N 4. AUTORIZACIONES DE LAS QUE DISPONE &hellip; <\/p>\n","protected":false},"author":1,"featured_media":0,"parent":0,"menu_order":0,"comment_status":"closed","ping_status":"closed","template":"","meta":{"footnotes":""},"class_list":["post-25","page","type-page","status-publish","hentry"],"_links":{"self":[{"href":"https:\/\/cr-iraizoz.com\/index.php\/wp-json\/wp\/v2\/pages\/25","targetHints":{"allow":["GET"]}}],"collection":[{"href":"https:\/\/cr-iraizoz.com\/index.php\/wp-json\/wp\/v2\/pages"}],"about":[{"href":"https:\/\/cr-iraizoz.com\/index.php\/wp-json\/wp\/v2\/types\/page"}],"author":[{"embeddable":true,"href":"https:\/\/cr-iraizoz.com\/index.php\/wp-json\/wp\/v2\/users\/1"}],"replies":[{"embeddable":true,"href":"https:\/\/cr-iraizoz.com\/index.php\/wp-json\/wp\/v2\/comments?post=25"}],"version-history":[{"count":18,"href":"https:\/\/cr-iraizoz.com\/index.php\/wp-json\/wp\/v2\/pages\/25\/revisions"}],"predecessor-version":[{"id":139,"href":"https:\/\/cr-iraizoz.com\/index.php\/wp-json\/wp\/v2\/pages\/25\/revisions\/139"}],"wp:attachment":[{"href":"https:\/\/cr-iraizoz.com\/index.php\/wp-json\/wp\/v2\/media?parent=25"}],"curies":[{"name":"wp","href":"https:\/\/api.w.org\/{rel}","templated":true}]}}