{"id":31,"date":"2022-03-24T17:27:48","date_gmt":"2022-03-24T17:27:48","guid":{"rendered":"https:\/\/cr-iraizoz.com\/?page_id=31"},"modified":"2022-06-04T06:13:38","modified_gmt":"2022-06-04T06:13:38","slug":"quienes-somos","status":"publish","type":"page","link":"https:\/\/cr-iraizoz.com\/index.php\/quienes-somos\/","title":{"rendered":"Quienes somos"},"content":{"rendered":"\n<p class=\"has-text-align-left\">La Comunidad de Regantes Iraizoz, est\u00e1 situada en el t\u00e9rmino municipal de Espeluy, en la campi\u00f1a Norte de Ja\u00e9n a 34 km de Ja\u00e9n. Bien comunicada, a las fincas de la Comunidad se accede por la carretera A-6075, que enlaza con la Autov\u00eda de Andaluc\u00eda, la A4 y la Carretera A-6076 Mengibar-Espeluy, que la comunica con la Autov\u00eda A-44.<br>La Comunidad riega 134 hect\u00e1reas, 120 de olivos y 14 de almendros, que se riegan con agua del r\u00edo Guadalquivir obtenida mediante una concesi\u00f3n que est\u00e1 vigente desde 1972.<br>Con este proyecto de Balsas de acumulaci\u00f3n, la Comunidad pretende afrontar el reto de mantener e incrementar la productividad de sus cultivos, en el escenario de cambio clim\u00e1tico que reconocemos como una realidad, continuidad de agua para asegurar la viabilidad unos cultivos que les permitan vivir dignamente como agricultores en esta hermosa tierra de Ja\u00e9n.<\/p>\n","protected":false},"excerpt":{"rendered":"<p>La Comunidad de Regantes Iraizoz, est\u00e1 situada en el t\u00e9rmino municipal de Espeluy, en la campi\u00f1a Norte de Ja\u00e9n a 34 km de Ja\u00e9n. Bien comunicada, a las fincas de &hellip; <\/p>\n","protected":false},"author":1,"featured_media":0,"parent":0,"menu_order":0,"comment_status":"closed","ping_status":"closed","template":"","meta":{"footnotes":""},"class_list":["post-31","page","type-page","status-publish","hentry"],"_links":{"self":[{"href":"https:\/\/cr-iraizoz.com\/index.php\/wp-json\/wp\/v2\/pages\/31","targetHints":{"allow":["GET"]}}],"collection":[{"href":"https:\/\/cr-iraizoz.com\/index.php\/wp-json\/wp\/v2\/pages"}],"about":[{"href":"https:\/\/cr-iraizoz.com\/index.php\/wp-json\/wp\/v2\/types\/page"}],"author":[{"embeddable":true,"href":"https:\/\/cr-iraizoz.com\/index.php\/wp-json\/wp\/v2\/users\/1"}],"replies":[{"embeddable":true,"href":"https:\/\/cr-iraizoz.com\/index.php\/wp-json\/wp\/v2\/comments?post=31"}],"version-history":[{"count":3,"href":"https:\/\/cr-iraizoz.com\/index.php\/wp-json\/wp\/v2\/pages\/31\/revisions"}],"predecessor-version":[{"id":84,"href":"https:\/\/cr-iraizoz.com\/index.php\/wp-json\/wp\/v2\/pages\/31\/revisions\/84"}],"wp:attachment":[{"href":"https:\/\/cr-iraizoz.com\/index.php\/wp-json\/wp\/v2\/media?parent=31"}],"curies":[{"name":"wp","href":"https:\/\/api.w.org\/{rel}","templated":true}]}}